{"id":878,"date":"2020-03-22T22:56:58","date_gmt":"2020-03-23T01:56:58","guid":{"rendered":"http:\/\/revistarapallo.com\/?page_id=878"},"modified":"2021-07-08T13:11:31","modified_gmt":"2021-07-08T13:11:31","slug":"prensa","status":"publish","type":"page","link":"https:\/\/revistarapallo.com\/index.php\/prensa\/","title":{"rendered":"PRENSA"},"content":{"rendered":"<h2>Notas<\/h2>\n<p><a href=\"https:\/\/podcasts.google.com\/feed\/aHR0cHM6Ly9hbmNob3IuZm0vcy8yZjMzMzY1OC9wb2RjYXN0L3Jzcw\/episode\/ZmQ2Nzc1NWYtYjFmZi00NjMxLTk3MjEtNzBmMzY2OWIzOTVh?sa=X&amp;ved=0CAUQkfYCahcKEwiwn-jCwtPxAhUAAAAAHQAAAAAQAQ\">Entrevista a Manuel P\u00e9rez y Emilio Jurado Na\u00f3n<\/a>, por Fernando Bogado (FM La Tribu, 2 de julio 2021)<\/p>\n<p style=\"padding-left: 40px;\"><a href=\"https:\/\/www.nodal.am\/2020\/05\/la-revista-rapallo-convoca-al-1-concurso-de-poesia-inedita-en-castellano\/\">Convocatoria al I Premio Rapallo de poes\u00eda 2020<\/a>, por Rapallo (Nodal Cultura, 18 de mayo 2020)<\/p>\n<p><a href=\"http:\/\/25horas.com.ar\/es\/mi-gesto-pank-y-rapallo-resena-de-dos-revistas-de-poesia\/\" target=\"_blank\" rel=\"noopener noreferrer\">Mi gesto pank y Rapallo &#8211; Rese\u00f1a de dos revistas de poes\u00eda<\/a>, por Sof\u00eda Castill\u00f3n (25 horas, diciembre 2019)<\/p>\n<p style=\"padding-left: 120px;\"><a href=\"https:\/\/www.perfil.com\/noticias\/columnistas\/una-revista.phtml\" target=\"_blank\" rel=\"noopener noreferrer\">Una revista<\/a>, por Dami\u00e1n Tabarovsky (Perfil, septiembre 2018)<\/p>\n<p style=\"padding-left: 40px;\"><a href=\"http:\/\/radioypunto.com\/2018\/09\/24\/letras-emilio-jurado-naon-y-franco-massa-editores-de-revista-rapallo\/\" target=\"_blank\" rel=\"noopener noreferrer\">Entrevista sobre el n\u00famero 3<\/a>, por Juan Carrique (Maldormidos, Radio y punto, septiembre 2018)<\/p>\n<p><a href=\"https:\/\/www.perfil.com\/noticias\/cultura\/dialogos-urgentes.phtml\" target=\"_blank\" rel=\"noopener noreferrer\">Di\u00e1logos urgentes<\/a>, por Mariano Vespa (Perfil, julio 2018)<\/p>\n<p style=\"padding-left: 40px;\"><a href=\"http:\/\/radioypunto.com\/2017\/12\/04\/letras-emilio-jurado-naon-gabriel-cortinas-y-franco-massa-editores-de-revista-rapallo\/\" target=\"_blank\" rel=\"noopener noreferrer\">Entrevista sobre el n\u00famero 2<\/a>, por Juan Carrique (Maldormidos, Radio y Punto, diciembre 2017)<\/p>\n<p style=\"padding-left: 120px;\"><a href=\"http:\/\/radioypunto.com\/2017\/05\/08\/entrevista-con-revista-rapallo\/\" target=\"_blank\" rel=\"noopener noreferrer\">Entrevista sobre el n\u00famero 1<\/a>, por Juan Carrique (Maldormidos, Radio y Punto, mayo 2017)<\/p>\n<h2>Archivo de presentaciones<\/h2>\n<p style=\"padding-left: 120px;\"><a href=\"https:\/\/www.youtube.com\/watch?v=JCggTODpKGg\" target=\"_blank\" rel=\"noopener noreferrer\">Junto a Oscar Cruz y Jos\u00e9 Ram\u00f3n, de revista La Noria<\/a>&#8211; El rinc\u00f3n del Alibi (Santiago de Cuba, febrero 2018)<\/p>\n<p style=\"padding-left: 80px;\"><a href=\"https:\/\/www.youtube.com\/watch?v=ZgKsz2a_HE8&amp;t=248s\" target=\"_blank\" rel=\"noopener noreferrer\">Poemas de Mart\u00edn Gambarotta<\/a> &#8211; Festival Rapallo de Poes\u00eda &#8211; Tercera Fecha (Teatro El Exc\u00e9ntrico de la 18\u00b0, Villa Crespo, CABA, noviembre 2018)<\/p>\n<p><a href=\"https:\/\/www.youtube.com\/watch?v=M2n73PRjDGM&amp;t=2s\" target=\"_blank\" rel=\"noopener noreferrer\">Poemas de Florencia Castellano<\/a> &#8211; Festival Rapallo de Poes\u00eda &#8211; Tercera Fecha (Teatro El Exc\u00e9ntrico de la 18\u00b0, Villa Crespo, CABA, noviembre 2018)<\/p>\n<p style=\"padding-left: 160px;\"><a href=\"https:\/\/www.youtube.com\/watch?v=xu0XQJcSapY&amp;t=6s\" target=\"_blank\" rel=\"noopener noreferrer\">Festival Rapallo de Poes\u00eda &#8211; Segunda fecha <\/a>(La Sede, Villa Crespo, Ciudad de Buenos Aires, noviembre de 2018)<\/p>\n","protected":false},"excerpt":{"rendered":"<p>Notas Entrevista a Manuel P\u00e9rez y Emilio Jurado Na\u00f3n, por Fernando Bogado (FM La Tribu, 2 de julio 2021) Convocatoria al I Premio Rapallo de poes\u00eda 2020, por Rapallo (Nodal Cultura, 18 de mayo 2020) Mi gesto pank y Rapallo &#8211; Rese\u00f1a de dos revistas de poes\u00eda, por Sof\u00eda Castill\u00f3n (25 horas, diciembre 2019) Una &hellip; <a href=\"https:\/\/revistarapallo.com\/index.php\/prensa\/\" class=\"more-link\">Continue reading <span class=\"screen-reader-text\">PRENSA<\/span> <span class=\"meta-nav\">&rarr;<\/span><\/a><\/p>\n","protected":false},"author":1,"featured_media":0,"parent":0,"menu_order":0,"comment_status":"closed","ping_status":"closed","template":"","meta":{"footnotes":""},"class_list":["post-878","page","type-page","status-publish","hentry"],"_links":{"self":[{"href":"https:\/\/revistarapallo.com\/index.php\/wp-json\/wp\/v2\/pages\/878","targetHints":{"allow":["GET"]}}],"collection":[{"href":"https:\/\/revistarapallo.com\/index.php\/wp-json\/wp\/v2\/pages"}],"about":[{"href":"https:\/\/revistarapallo.com\/index.php\/wp-json\/wp\/v2\/types\/page"}],"author":[{"embeddable":true,"href":"https:\/\/revistarapallo.com\/index.php\/wp-json\/wp\/v2\/users\/1"}],"replies":[{"embeddable":true,"href":"https:\/\/revistarapallo.com\/index.php\/wp-json\/wp\/v2\/comments?post=878"}],"version-history":[{"count":2,"href":"https:\/\/revistarapallo.com\/index.php\/wp-json\/wp\/v2\/pages\/878\/revisions"}],"predecessor-version":[{"id":1207,"href":"https:\/\/revistarapallo.com\/index.php\/wp-json\/wp\/v2\/pages\/878\/revisions\/1207"}],"wp:attachment":[{"href":"https:\/\/revistarapallo.com\/index.php\/wp-json\/wp\/v2\/media?parent=878"}],"curies":[{"name":"wp","href":"https:\/\/api.w.org\/{rel}","templated":true}]}}