{"id":603,"date":"2018-09-19T16:46:26","date_gmt":"2018-09-19T16:46:26","guid":{"rendered":"http:\/\/revistarapallo.com\/?page_id=603"},"modified":"2025-05-21T19:25:36","modified_gmt":"2025-05-21T19:25:36","slug":"r3","status":"publish","type":"page","link":"https:\/\/revistarapallo.com\/index.php\/r3\/","title":{"rendered":"R3"},"content":{"rendered":"<h2 class=\"western\"><strong>\u00cdndice<\/strong><\/h2>\n<ul>\n<li>\n<h3><b>POEMAS<\/b><\/h3>\n<\/li>\n<\/ul>\n<p class=\"western\" style=\"padding-left: 150px;\"><strong>Rama Coll<\/strong> &#8211; <em>Una de esas tantas en &#8220;El Pene de Membrillo&#8221; <\/em>(selecci\u00f3n)<\/p>\n<p class=\"western\" style=\"padding-left: 30px;\"><strong>Alexis Almeida<\/strong>\u00a0&#8211; <em>I Have Never Been Able to Sing<\/em> (selecci\u00f3n) &#8211; Traducci\u00f3n de Mart\u00edn Gambarotta<\/p>\n<p class=\"western\" style=\"padding-left: 210px;\"><strong>Legna Rodr\u00edguez Iglesias<\/strong> &#8211; <em>Gigantolog\u00eda: un error<\/em> (selecci\u00f3n)<\/p>\n<p style=\"padding-left: 120px;\"><strong>Mara Campanella<\/strong> &#8211; <em>Un alfiler gancho<\/em> (selecci\u00f3n)<\/p>\n<ul>\n<li class=\"western\">\n<h3><b>MERCEDES CEBRI\u00c1N<\/b><\/h3>\n<\/li>\n<\/ul>\n<p class=\"western\" style=\"padding-left: 60px;\"><strong>ENTREVISTA<\/strong>: \u201cMe sorprend\u00ed yo misma de esa voz que sal\u00eda de ah\u00ed\u201d<\/p>\n<p class=\"western\" style=\"padding-left: 180px;\"><strong>POEMAS<\/strong>\u00a0selecci\u00f3n de <em>Mercado Com\u00fan<\/em> (2006) y <em>Malgastar<\/em> (2017)<\/p>\n<ul>\n<li class=\"western\">\n<h3>PABLO DE ROKHA<\/h3>\n<\/li>\n<\/ul>\n<p class=\"western\" style=\"padding-left: 30px;\"><a href=\"https:\/\/drive.google.com\/file\/d\/17fGr8X5b_KP08aR69-yPnChGwawHxIrm\/view?usp=sharing\" target=\"_blank\" rel=\"noopener\"><strong>PRESENTACI\u00d3N<\/strong> &#8220;La panza y el ombligo de Pablo de Rokha&#8221;, por Gabriel Corti\u00f1as<\/a><\/p>\n<p class=\"western\" style=\"padding-left: 180px;\"><em>Suram\u00e9rica<\/em> de Pablo de Rokha<\/p>\n<ul>\n<li class=\"western\">\n<h3>ENSAYOS<\/h3>\n<\/li>\n<\/ul>\n<p class=\"western\" style=\"padding-left: 150px;\">\u201cUna vida vivida no es un conjunto de hechos\u201d &#8211; Eleanor Antin<\/p>\n<p class=\"western\" style=\"padding-left: 90px;\">Cultura del malestar \u2013 Franco Massa<\/p>\n<p class=\"western\">Un mundo o ninguno. Acerca de un diccionario de argentinismos &#8211; Mario Ortiz<\/p>\n<p style=\"text-align: right;\"><strong>Dise\u00f1o<\/strong>: Matilde Oliveros (<a href=\"http:\/\/www.27pulqui.com.ar\/\" target=\"_blank\" rel=\"noopener noreferrer\">Ediciones 27 Pulqui<\/a>)<br \/><strong>Dibujos<\/strong>: <a href=\"http:\/\/linodivas.com\/artgallery\" target=\"_blank\" rel=\"noopener noreferrer\">Lino Divas<\/a><\/p>\n<p>&nbsp;<\/p>\n\n\n<figure class=\"wp-block-image size-large\"><img loading=\"lazy\" decoding=\"async\" width=\"953\" height=\"1024\" src=\"https:\/\/revistarapallo.com\/wp-content\/uploads\/2025\/05\/Cubierta-R3-953x1024.jpg\" alt=\"\" class=\"wp-image-1442\" srcset=\"https:\/\/revistarapallo.com\/wp-content\/uploads\/2025\/05\/Cubierta-R3-953x1024.jpg 953w, https:\/\/revistarapallo.com\/wp-content\/uploads\/2025\/05\/Cubierta-R3-830x892.jpg 830w, https:\/\/revistarapallo.com\/wp-content\/uploads\/2025\/05\/Cubierta-R3-894x960.jpg 894w, https:\/\/revistarapallo.com\/wp-content\/uploads\/2025\/05\/Cubierta-R3-279x300.jpg 279w, https:\/\/revistarapallo.com\/wp-content\/uploads\/2025\/05\/Cubierta-R3-768x825.jpg 768w, https:\/\/revistarapallo.com\/wp-content\/uploads\/2025\/05\/Cubierta-R3-1430x1536.jpg 1430w, https:\/\/revistarapallo.com\/wp-content\/uploads\/2025\/05\/Cubierta-R3-1907x2048.jpg 1907w, https:\/\/revistarapallo.com\/wp-content\/uploads\/2025\/05\/Cubierta-R3-700x752.jpg 700w, https:\/\/revistarapallo.com\/wp-content\/uploads\/2025\/05\/Cubierta-R3-372x400.jpg 372w, https:\/\/revistarapallo.com\/wp-content\/uploads\/2025\/05\/Cubierta-R3.jpg 1996w\" sizes=\"auto, (max-width: 953px) 100vw, 953px\" \/><\/figure>\n","protected":false},"excerpt":{"rendered":"<p>\u00cdndice POEMAS Rama Coll &#8211; Una de esas tantas en &#8220;El Pene de Membrillo&#8221; (selecci\u00f3n) Alexis Almeida\u00a0&#8211; I Have Never Been Able to Sing (selecci\u00f3n) &#8211; Traducci\u00f3n de Mart\u00edn Gambarotta Legna Rodr\u00edguez Iglesias &#8211; Gigantolog\u00eda: un error (selecci\u00f3n) Mara Campanella &#8211; Un alfiler gancho (selecci\u00f3n) MERCEDES CEBRI\u00c1N ENTREVISTA: \u201cMe sorprend\u00ed yo misma de esa voz &hellip; <a href=\"https:\/\/revistarapallo.com\/index.php\/r3\/\" class=\"more-link\">Continue reading <span class=\"screen-reader-text\">R3<\/span> <span class=\"meta-nav\">&rarr;<\/span><\/a><\/p>\n","protected":false},"author":2,"featured_media":0,"parent":0,"menu_order":0,"comment_status":"closed","ping_status":"closed","template":"","meta":{"footnotes":""},"class_list":["post-603","page","type-page","status-publish","hentry"],"_links":{"self":[{"href":"https:\/\/revistarapallo.com\/index.php\/wp-json\/wp\/v2\/pages\/603","targetHints":{"allow":["GET"]}}],"collection":[{"href":"https:\/\/revistarapallo.com\/index.php\/wp-json\/wp\/v2\/pages"}],"about":[{"href":"https:\/\/revistarapallo.com\/index.php\/wp-json\/wp\/v2\/types\/page"}],"author":[{"embeddable":true,"href":"https:\/\/revistarapallo.com\/index.php\/wp-json\/wp\/v2\/users\/2"}],"replies":[{"embeddable":true,"href":"https:\/\/revistarapallo.com\/index.php\/wp-json\/wp\/v2\/comments?post=603"}],"version-history":[{"count":2,"href":"https:\/\/revistarapallo.com\/index.php\/wp-json\/wp\/v2\/pages\/603\/revisions"}],"predecessor-version":[{"id":1443,"href":"https:\/\/revistarapallo.com\/index.php\/wp-json\/wp\/v2\/pages\/603\/revisions\/1443"}],"wp:attachment":[{"href":"https:\/\/revistarapallo.com\/index.php\/wp-json\/wp\/v2\/media?parent=603"}],"curies":[{"name":"wp","href":"https:\/\/api.w.org\/{rel}","templated":true}]}}