{"id":556,"date":"2017-11-22T23:37:21","date_gmt":"2017-11-22T23:37:21","guid":{"rendered":"http:\/\/revistarapallo.com\/?page_id=556"},"modified":"2025-05-21T19:25:16","modified_gmt":"2025-05-21T19:25:16","slug":"r2","status":"publish","type":"page","link":"https:\/\/revistarapallo.com\/index.php\/r2\/","title":{"rendered":"R2"},"content":{"rendered":"<h2 class=\"western\"><strong>\u00cdndice<\/strong><\/h2>\n<ul>\n<li class=\"western\">\n<h3>EDITORIAL<\/h3>\n<p>&#8220;Un nuevo modo de trabajo&#8221;<\/p>\n<\/li>\n<li>\n<h3><b>POEMAS<\/b><\/h3>\n<\/li>\n<\/ul>\n<p class=\"western\" style=\"padding-left: 330px;\"><strong>Violeta Kesselman<\/strong> &#8211; &#8220;A&#8221;<\/p>\n<p class=\"western\" style=\"padding-left: 30px;\"><strong>Javier Fern\u00e1ndez Paupy<\/strong> &#8211; &#8220;Los carismas&#8221;<\/p>\n<p class=\"western\" style=\"padding-left: 150px;\"><strong><a href=\"https:\/\/revistarapallo.com\/2017\/11\/23\/dagmara-kraus-6-1\/\" target=\"_blank\" rel=\"noopener noreferrer\">Dagmara Kraus<\/a><\/strong> &#8211; Selecci\u00f3n de <em>kummerang<\/em> (2012) y<em> wehbuch (undichte prosage) <\/em>(2016) &#8211; Traducciones al castellano de Tom\u00e1s Bartoletti, Sol P\u00e9rez Corti y Tal\u00ed Waiss.<\/p>\n<p>&nbsp;<\/p>\n<ul>\n<li class=\"western\">\n<h3><b>JULI\u00c1N HERBERT<\/b><\/h3>\n<\/li>\n<\/ul>\n<p class=\"western\" style=\"padding-left: 180px;\"><strong>ENTREVISTA<\/strong>: \u201cSoy un impuro de cepa, soy fan absoluto de la contaminaci\u00f3n\u201d<\/p>\n<p class=\"western\" style=\"padding-left: 90px;\"><strong>POEMAS<\/strong>\u00a0selecci\u00f3n e in\u00e9ditos<\/p>\n<p>&nbsp;<\/p>\n<ul>\n<li class=\"western\">\n<h3>LUZ PICHEL<\/h3>\n<\/li>\n<\/ul>\n<p class=\"western\" style=\"padding-left: 150px;\"><a href=\"https:\/\/revistarapallo.com\/2018\/01\/08\/la-espina-de-un-acento-en-la-laringe\/\"><strong>PRESENTACI\u00d3N<\/strong> &#8220;La espina de un acento en la laringe&#8221;, por Emilio Jurado Na\u00f3n<\/a><\/p>\n<p class=\"western\" style=\"padding-left: 60px;\"><strong>POEMAS<\/strong>\u00a0selecci\u00f3n e in\u00e9ditos<\/p>\n<p>&nbsp;<\/p>\n<ul>\n<li class=\"western\">\n<h3>ENSAYOS<\/h3>\n<\/li>\n<\/ul>\n<p class=\"western\" style=\"padding-left: 150px;\">\u201cPoes\u00eda es Desv\u00edo no es Normalidad\u201d- Mar\u00eda Salgado<\/p>\n<p class=\"western\">&#8220;Los temas profanos o el \u00e9xito de los nombres propios\u201d \u2013 Silvia Schwarzb\u00f6ck<\/p>\n<p class=\"western\" style=\"padding-left: 270px;\">\u00a0\u201cCepa. Una teor\u00eda de Zelaray\u00e1n\u201d &#8211; Emilio Jurado Na\u00f3n<\/p>\n<p>&nbsp;<\/p>\n<p style=\"text-align: right;\"><strong>Dise\u00f1o<\/strong>: Matilde Oliveros (<a href=\"http:\/\/www.27pulqui.com.ar\/\" target=\"_blank\" rel=\"noopener noreferrer\">Ediciones 27 Pulqui<\/a>)<br \/><strong>Dibujos<\/strong>: Guillermo Santos<\/p>\n<p>&nbsp;<\/p>\n<p>&nbsp;<\/p>\n\n\n<figure class=\"wp-block-image size-large\"><img loading=\"lazy\" decoding=\"async\" width=\"953\" height=\"1024\" src=\"https:\/\/revistarapallo.com\/wp-content\/uploads\/2025\/05\/Cubierta-R2-953x1024.jpg\" alt=\"\" class=\"wp-image-1440\" srcset=\"https:\/\/revistarapallo.com\/wp-content\/uploads\/2025\/05\/Cubierta-R2-953x1024.jpg 953w, https:\/\/revistarapallo.com\/wp-content\/uploads\/2025\/05\/Cubierta-R2-830x892.jpg 830w, https:\/\/revistarapallo.com\/wp-content\/uploads\/2025\/05\/Cubierta-R2-894x960.jpg 894w, https:\/\/revistarapallo.com\/wp-content\/uploads\/2025\/05\/Cubierta-R2-279x300.jpg 279w, https:\/\/revistarapallo.com\/wp-content\/uploads\/2025\/05\/Cubierta-R2-768x825.jpg 768w, https:\/\/revistarapallo.com\/wp-content\/uploads\/2025\/05\/Cubierta-R2-1430x1536.jpg 1430w, https:\/\/revistarapallo.com\/wp-content\/uploads\/2025\/05\/Cubierta-R2-1907x2048.jpg 1907w, https:\/\/revistarapallo.com\/wp-content\/uploads\/2025\/05\/Cubierta-R2-700x752.jpg 700w, https:\/\/revistarapallo.com\/wp-content\/uploads\/2025\/05\/Cubierta-R2-372x400.jpg 372w, https:\/\/revistarapallo.com\/wp-content\/uploads\/2025\/05\/Cubierta-R2.jpg 1996w\" sizes=\"auto, (max-width: 953px) 100vw, 953px\" \/><\/figure>\n","protected":false},"excerpt":{"rendered":"<p>\u00cdndice EDITORIAL &#8220;Un nuevo modo de trabajo&#8221; POEMAS Violeta Kesselman &#8211; &#8220;A&#8221; Javier Fern\u00e1ndez Paupy &#8211; &#8220;Los carismas&#8221; Dagmara Kraus &#8211; Selecci\u00f3n de kummerang (2012) y wehbuch (undichte prosage) (2016) &#8211; Traducciones al castellano de Tom\u00e1s Bartoletti, Sol P\u00e9rez Corti y Tal\u00ed Waiss. &nbsp; JULI\u00c1N HERBERT ENTREVISTA: \u201cSoy un impuro de cepa, soy fan absoluto &hellip; <a href=\"https:\/\/revistarapallo.com\/index.php\/r2\/\" class=\"more-link\">Continue reading <span class=\"screen-reader-text\">R2<\/span> <span class=\"meta-nav\">&rarr;<\/span><\/a><\/p>\n","protected":false},"author":2,"featured_media":0,"parent":0,"menu_order":0,"comment_status":"closed","ping_status":"closed","template":"","meta":{"footnotes":""},"class_list":["post-556","page","type-page","status-publish","hentry"],"_links":{"self":[{"href":"https:\/\/revistarapallo.com\/index.php\/wp-json\/wp\/v2\/pages\/556","targetHints":{"allow":["GET"]}}],"collection":[{"href":"https:\/\/revistarapallo.com\/index.php\/wp-json\/wp\/v2\/pages"}],"about":[{"href":"https:\/\/revistarapallo.com\/index.php\/wp-json\/wp\/v2\/types\/page"}],"author":[{"embeddable":true,"href":"https:\/\/revistarapallo.com\/index.php\/wp-json\/wp\/v2\/users\/2"}],"replies":[{"embeddable":true,"href":"https:\/\/revistarapallo.com\/index.php\/wp-json\/wp\/v2\/comments?post=556"}],"version-history":[{"count":1,"href":"https:\/\/revistarapallo.com\/index.php\/wp-json\/wp\/v2\/pages\/556\/revisions"}],"predecessor-version":[{"id":1441,"href":"https:\/\/revistarapallo.com\/index.php\/wp-json\/wp\/v2\/pages\/556\/revisions\/1441"}],"wp:attachment":[{"href":"https:\/\/revistarapallo.com\/index.php\/wp-json\/wp\/v2\/media?parent=556"}],"curies":[{"name":"wp","href":"https:\/\/api.w.org\/{rel}","templated":true}]}}