{"id":428,"date":"2017-06-18T22:55:03","date_gmt":"2017-06-18T22:55:03","guid":{"rendered":"http:\/\/revistarapallo.com\/?page_id=428"},"modified":"2021-07-14T14:28:02","modified_gmt":"2021-07-14T14:28:02","slug":"que-es-rapallo","status":"publish","type":"page","link":"https:\/\/revistarapallo.com\/index.php\/que-es-rapallo\/","title":{"rendered":"Proyecto"},"content":{"rendered":"<p>Rapallo es un proyecto para la difusi\u00f3n de poemas y ensayos contempor\u00e1neos. Desde 2017, con la revista impresa, y a partir del 2021 con un sello editorial, Rapallo busca poner en circulaci\u00f3n textos de distintas ciudades del mundo, dar lugar a la traducci\u00f3n y a escritos en lengua original, producir textos cr\u00edticos y entrevistar a exponentes de la literatura actual.<\/p>\n<p>Rapallo se ha presentado en varias ciudades de Latinoam\u00e9rica y ha recibido, por su trayectoria, la Beca Creaci\u00f3n del Fondo Nacional de las Artes (2019), y la participaci\u00f3n en el Proyecto de Mecenazgo de la Ciudad de Buenos Aires (2019 y 2020). Tambi\u00e9n ha llevado adelante otras acciones vinculadas al \u00e1mbito literario, como el Primer Festival Rapallo de Poes\u00eda, en noviembre de 2018, en la Ciudad de Buenos Aires, y el Primer Premio Rapallo de Poes\u00eda 2020, de car\u00e1cter internacional.<\/p>\n<p><strong>Revista<\/strong><\/p>\n<p>Entre los seis n\u00fameros de la revista que se publicaron hasta el momento, aparecen textos de Juli\u00e1n Herbert, Gerardo Deniz (M\u00e9xico); Carmen Berenguer, Pablo de Rokha, Germ\u00e1n Carrasco (Chile); Legna Rodr\u00edguez Iglesias, Luis L. Mora, Martha Luisa Hern\u00e1ndez Cadenas (Cuba); Kamau Brathwaite (Barbados); Jos\u00e9 Roberto Duque (Venezuela); Mart\u00edn Ad\u00e1n (Per\u00fa); Laura Jaramillo, Zaina Alsous, Alexis Almeida, Eleanor Antin, Marwa Helal (EE. UU.); Luz Pichel, Mar\u00eda Salgado, Mercedes Cebri\u00e1n, \u00c1ngela Segovia, Amparo Arr\u00f3spide (Espa\u00f1a); Merc\u00e9desz Kutasy (Hungr\u00eda); Dagmara Kraus (Alemania); Didier Bourda (Francia), y Dar\u00edo Canton, Ver\u00f3nica Viola Fisher, Jimena Schere, Victoria C\u00f3ccaro, Mario Ortiz, Mart\u00edn Gambarotta, Silvia Schwarzb\u00f6ck (Argentina), entre otrxs.<\/p>\n<p><strong>Editorial<\/strong><\/p>\n<p>El primer libro del sello Rapallo es <em>Maples<\/em>, de Manuel P\u00e9rez (1993 &#8211; Bah\u00eda Blanca, Argentina). Poema de largo aliento, fue el ganador del Premio Rapallo de Poes\u00eda 2020, en el que participaron cercan de 400 libros in\u00e9ditos<\/p>\n<p style=\"text-align: right;\"><strong>Editores<\/strong><\/p>\n<p style=\"text-align: right;\">Gabriel Corti\u00f1as<br \/>\nEmilio Jurado Na\u00f3n<br \/>\nFranco Massa<br \/>\nFacundo Ruiz<\/p>\n","protected":false},"excerpt":{"rendered":"<p>Rapallo es un proyecto para la difusi\u00f3n de poemas y ensayos contempor\u00e1neos. Desde 2017, con la revista impresa, y a partir del 2021 con un sello editorial, Rapallo busca poner en circulaci\u00f3n textos de distintas ciudades del mundo, dar lugar a la traducci\u00f3n y a escritos en lengua original, producir textos cr\u00edticos y entrevistar a &hellip; <a href=\"https:\/\/revistarapallo.com\/index.php\/que-es-rapallo\/\" class=\"more-link\">Continue reading <span class=\"screen-reader-text\">Proyecto<\/span> <span class=\"meta-nav\">&rarr;<\/span><\/a><\/p>\n","protected":false},"author":2,"featured_media":0,"parent":0,"menu_order":0,"comment_status":"closed","ping_status":"closed","template":"","meta":{"footnotes":""},"class_list":["post-428","page","type-page","status-publish","hentry"],"_links":{"self":[{"href":"https:\/\/revistarapallo.com\/index.php\/wp-json\/wp\/v2\/pages\/428","targetHints":{"allow":["GET"]}}],"collection":[{"href":"https:\/\/revistarapallo.com\/index.php\/wp-json\/wp\/v2\/pages"}],"about":[{"href":"https:\/\/revistarapallo.com\/index.php\/wp-json\/wp\/v2\/types\/page"}],"author":[{"embeddable":true,"href":"https:\/\/revistarapallo.com\/index.php\/wp-json\/wp\/v2\/users\/2"}],"replies":[{"embeddable":true,"href":"https:\/\/revistarapallo.com\/index.php\/wp-json\/wp\/v2\/comments?post=428"}],"version-history":[{"count":2,"href":"https:\/\/revistarapallo.com\/index.php\/wp-json\/wp\/v2\/pages\/428\/revisions"}],"predecessor-version":[{"id":1211,"href":"https:\/\/revistarapallo.com\/index.php\/wp-json\/wp\/v2\/pages\/428\/revisions\/1211"}],"wp:attachment":[{"href":"https:\/\/revistarapallo.com\/index.php\/wp-json\/wp\/v2\/media?parent=428"}],"curies":[{"name":"wp","href":"https:\/\/api.w.org\/{rel}","templated":true}]}}