{"id":1289,"date":"2022-12-12T20:07:55","date_gmt":"2022-12-12T20:07:55","guid":{"rendered":"https:\/\/revistarapallo.com\/?page_id=1289"},"modified":"2025-05-21T19:27:05","modified_gmt":"2025-05-21T19:27:05","slug":"r8","status":"publish","type":"page","link":"https:\/\/revistarapallo.com\/index.php\/r8\/","title":{"rendered":"R8"},"content":{"rendered":"\n<h2 class=\"wp-block-heading\"><span class=\"has-inline-color has-cyan-bluish-gray-color\">\u00cdNDICE<\/span><\/h2>\n\n\n\n<h4 class=\"wp-block-heading\"><strong>UNA REVISTA+UN ATENTADO+UN FESTIVAL<\/strong><\/h4>\n\n\n\n<p><em>Palabras de bienvenida al Festival Americano de Poes\u00eda en Hurlingham (FAPH) <\/em>por&nbsp;Dami\u00e1n Selci.<\/p>\n\n\n\n<h4 class=\"wp-block-heading\"><strong>POEMAS<\/strong><\/h4>\n\n\n\n<p><em>Pozo de luz<\/em>, de Sof\u00eda LeBlanc.<\/p>\n\n\n\n<p><em>\u00bfQu\u00e9 tiene de raro? de&nbsp;<\/em>Javier Fern\u00e1ndez Paupy.<\/p>\n\n\n\n<p><em>movimie n t os i nv olu nt arios de<\/em>&nbsp;Jorge Posada.&nbsp;<\/p>\n\n\n\n<h4 class=\"wp-block-heading\"><strong>V\u00cdCTOR VALERA MORA<\/strong><\/h4>\n\n\n\n<p class=\"has-vivid-red-color has-text-color\"><a href=\"https:\/\/drive.google.com\/file\/d\/1mLOoGT_09nFyRoONT_1chguNdNAOZG5g\/view?usp=share_link\" target=\"_blank\" rel=\"noreferrer noopener\"><strong>PRESENTACI\u00d3N<\/strong><em> Valera Mora. Lote de apuntes<\/em>&nbsp;por Diego Sequera.<\/a><\/p>\n\n\n\n<p><strong>SELECCI\u00d3N DE POEMAS<\/strong><br><\/p>\n\n\n\n<h4 class=\"wp-block-heading\"><strong>TATIANA NASCIMENTO<\/strong><\/h4>\n\n\n\n<p><strong>ENTREVISTA<\/strong>&nbsp;\u201cMi coraz\u00f3n es rojo como la historia del mar\u201d.<\/p>\n\n\n\n<p class=\"has-vivid-red-color has-text-color\"><strong><a href=\"https:\/\/drive.google.com\/file\/d\/1tWbRVnera2LgnS4FrEj2Rqk3KIhvLhGA\/view?usp=share_link\" target=\"_blank\" rel=\"noreferrer noopener\">SELECCI\u00d3N DE POEMAS<\/a><\/strong><br><\/p>\n\n\n\n<h4 class=\"wp-block-heading\"><strong>ENSAYOS<\/strong>\u200b<\/h4>\n\n\n\n<p><em>Brecht, Dylan, Buarque: los poetas del presagio imposible<\/em>&nbsp;de Luciano Beccaria.<\/p>\n\n\n\n<p><em>Petrarca y Kawabata. Dos formas de conversar con los muertos<\/em>&nbsp;de Paula Hoyos Hattori.<\/p>\n\n\n\n<p><em>Lo que mide un verso o c\u00f3mo se llama la obra&nbsp;<\/em>de Gabriel Corti\u00f1as y Facundo Ruiz.<\/p>\n\n\n\n<figure class=\"wp-block-gallery has-nested-images columns-default is-cropped wp-block-gallery-1 is-layout-flex wp-block-gallery-is-layout-flex\">\n<figure class=\"wp-block-image size-large\"><img loading=\"lazy\" decoding=\"async\" width=\"953\" height=\"1024\" data-id=\"1450\" src=\"https:\/\/revistarapallo.com\/wp-content\/uploads\/2025\/05\/Cubierta-R8-953x1024.jpg\" alt=\"\" class=\"wp-image-1450\" srcset=\"https:\/\/revistarapallo.com\/wp-content\/uploads\/2025\/05\/Cubierta-R8-953x1024.jpg 953w, https:\/\/revistarapallo.com\/wp-content\/uploads\/2025\/05\/Cubierta-R8-830x892.jpg 830w, https:\/\/revistarapallo.com\/wp-content\/uploads\/2025\/05\/Cubierta-R8-894x960.jpg 894w, https:\/\/revistarapallo.com\/wp-content\/uploads\/2025\/05\/Cubierta-R8-279x300.jpg 279w, https:\/\/revistarapallo.com\/wp-content\/uploads\/2025\/05\/Cubierta-R8-768x825.jpg 768w, https:\/\/revistarapallo.com\/wp-content\/uploads\/2025\/05\/Cubierta-R8-1430x1536.jpg 1430w, https:\/\/revistarapallo.com\/wp-content\/uploads\/2025\/05\/Cubierta-R8-1907x2048.jpg 1907w, https:\/\/revistarapallo.com\/wp-content\/uploads\/2025\/05\/Cubierta-R8-700x752.jpg 700w, https:\/\/revistarapallo.com\/wp-content\/uploads\/2025\/05\/Cubierta-R8-372x400.jpg 372w, https:\/\/revistarapallo.com\/wp-content\/uploads\/2025\/05\/Cubierta-R8.jpg 1996w\" sizes=\"auto, (max-width: 953px) 100vw, 953px\" \/><\/figure>\n\n\n\n<figure class=\"wp-block-image size-large\"><img loading=\"lazy\" decoding=\"async\" width=\"891\" height=\"996\" data-id=\"1290\" src=\"https:\/\/revistarapallo.com\/wp-content\/uploads\/2022\/12\/RAPALLO08Contratapa.jpg\" alt=\"\" class=\"wp-image-1290\" srcset=\"https:\/\/revistarapallo.com\/wp-content\/uploads\/2022\/12\/RAPALLO08Contratapa.jpg 891w, https:\/\/revistarapallo.com\/wp-content\/uploads\/2022\/12\/RAPALLO08Contratapa-830x928.jpg 830w, https:\/\/revistarapallo.com\/wp-content\/uploads\/2022\/12\/RAPALLO08Contratapa-268x300.jpg 268w, https:\/\/revistarapallo.com\/wp-content\/uploads\/2022\/12\/RAPALLO08Contratapa-768x859.jpg 768w, https:\/\/revistarapallo.com\/wp-content\/uploads\/2022\/12\/RAPALLO08Contratapa-700x782.jpg 700w, https:\/\/revistarapallo.com\/wp-content\/uploads\/2022\/12\/RAPALLO08Contratapa-358x400.jpg 358w\" sizes=\"auto, (max-width: 891px) 100vw, 891px\" \/><\/figure>\n<\/figure>\n\n\n\n<p>Dibujo de tapa:&nbsp;<a href=\"http:\/\/linodivas.com\/\" target=\"_blank\" rel=\"noreferrer noopener\">Lino Divas<\/a><\/p>\n\n\n\n<p>Dise\u00f1o: Juan Pablo Fern\u00e1ndez Bussy<\/p>\n","protected":false},"excerpt":{"rendered":"<p>\u00cdNDICE UNA REVISTA+UN ATENTADO+UN FESTIVAL Palabras de bienvenida al Festival Americano de Poes\u00eda en Hurlingham (FAPH) por&nbsp;Dami\u00e1n Selci. POEMAS Pozo de luz, de Sof\u00eda LeBlanc. \u00bfQu\u00e9 tiene de raro? de&nbsp;Javier Fern\u00e1ndez Paupy. movimie n t os i nv olu nt arios de&nbsp;Jorge Posada.&nbsp; V\u00cdCTOR VALERA MORA PRESENTACI\u00d3N Valera Mora. Lote de apuntes&nbsp;por Diego Sequera. SELECCI\u00d3N &hellip; <a href=\"https:\/\/revistarapallo.com\/index.php\/r8\/\" class=\"more-link\">Continue reading <span class=\"screen-reader-text\">R8<\/span> <span class=\"meta-nav\">&rarr;<\/span><\/a><\/p>\n","protected":false},"author":2,"featured_media":0,"parent":0,"menu_order":0,"comment_status":"closed","ping_status":"closed","template":"","meta":{"footnotes":""},"class_list":["post-1289","page","type-page","status-publish","hentry"],"_links":{"self":[{"href":"https:\/\/revistarapallo.com\/index.php\/wp-json\/wp\/v2\/pages\/1289","targetHints":{"allow":["GET"]}}],"collection":[{"href":"https:\/\/revistarapallo.com\/index.php\/wp-json\/wp\/v2\/pages"}],"about":[{"href":"https:\/\/revistarapallo.com\/index.php\/wp-json\/wp\/v2\/types\/page"}],"author":[{"embeddable":true,"href":"https:\/\/revistarapallo.com\/index.php\/wp-json\/wp\/v2\/users\/2"}],"replies":[{"embeddable":true,"href":"https:\/\/revistarapallo.com\/index.php\/wp-json\/wp\/v2\/comments?post=1289"}],"version-history":[{"count":6,"href":"https:\/\/revistarapallo.com\/index.php\/wp-json\/wp\/v2\/pages\/1289\/revisions"}],"predecessor-version":[{"id":1451,"href":"https:\/\/revistarapallo.com\/index.php\/wp-json\/wp\/v2\/pages\/1289\/revisions\/1451"}],"wp:attachment":[{"href":"https:\/\/revistarapallo.com\/index.php\/wp-json\/wp\/v2\/media?parent=1289"}],"curies":[{"name":"wp","href":"https:\/\/api.w.org\/{rel}","templated":true}]}}